{"id":690,"date":"2018-05-24T20:11:52","date_gmt":"2018-05-24T18:11:52","guid":{"rendered":"http:\/\/www.musictickle.net\/?page_id=690"},"modified":"2019-01-30T10:09:46","modified_gmt":"2019-01-30T09:09:46","slug":"datenschutzerklaerung","status":"publish","type":"page","link":"https:\/\/www.musictickle.net\/en\/datenschutzerklaerung\/","title":{"rendered":"Datenschutzerkl\u00e4rung"},"content":{"rendered":"<p>Die Einhaltung der geltenden gesetzlichen Bestimmungen zum Datenschutz personenbezogener Daten ist f\u00fcr mich selbstverst\u00e4ndlich.<\/p>\n<p>Gem\u00e4\u00df Datenschutzgesetz (DSGVO, TKG 2003) sind personenbezogene Daten Informationen, die genutzt werden k\u00f6nnen, um die Identit\u00e4t von Web-Benutzern zu erfahren. Darunter fallen Informationen wie Name, Adresse, Postanschrift, Telefonnummer etc. S\u00e4mtliche Informationen, die nicht direkt mit der tats\u00e4chlichen Identit\u00e4t des Benutzers in Verbindung gebracht werden k\u00f6nnen, fallen somit nicht darunter.<\/p>\n<p>Bei einem Besuch dieser Website erheben wir ohne Ihrer freiwilligen Anmeldung keine personenbezogenen Daten von Ihnen. Es fallen jedoch automatisch Daten an, die \u00fcber sogenannten Cookies in einer Protokolldatei auf unserem Server gespeichert und ausschlie\u00dflich anonym zu Statistikzwecken ausgewertet werden.<\/p>\n<p>Wenn Sie per E-Mail oder Telefon Kontakt mit mir aufnehmen, werden Ihre angegebenen Daten zwecks Bearbeitung der Anfrage und f\u00fcr den Fall von Anschlussfragen sechs Monate bei mir gespeichert. Diese Daten gebe ich nicht ohne Ihre Einwilligung weiter.<\/p>\n<p>&nbsp;<\/p>\n<p><strong>SSL-Verschl\u00fcsselung<\/strong><\/p>\n<p>Um Ihre \u00fcbermittelten Daten bestm\u00f6glich zu sch\u00fctzen nutzt diese Website eine SSL-Verschl\u00fcsselung. Diese Art der verschl\u00fcsselten Verbindungen erkennen Sie an dem Pr\u00e4fix \u201chttps:\/\/\u201c im Seitenlink in der Adresszeile Ihres Browsers oder am gut sichtbaren \u201eSchloss\u201c-Symbol. Wenn die SSL-Verschl\u00fcsselung aktiviert ist, k\u00f6nnen s\u00e4mtliche Daten, die Sie an mich \u00fcbermitteln, nicht von Dritten mitgelesen werden.<\/p>\n<p>&nbsp;<\/p>\n<p><strong>Cookies<\/strong><\/p>\n<p>Meine Webseite verwendet Cookies. Dabei handelt es sich um Textdateien, die w\u00e4hrend des Webseiten-Besuchs \u00fcber einen Internetbrowser auf einem Computersystem abgelegt und gespeichert werden. Durch den Einsatz von Cookies kann ich den NutzerInnen dieser Webseite nutzerfreundlichere Services bereitstellen. Cookies erm\u00f6glichen, die BenutzerInnen der Webseite wiederzuerkennen (Anzahl, Nutzungsh\u00e4ufigkeit). Eine erforderliche Einwilligung hole ich ein. Eine Einzelprofilbildung \u00fcber das Nutzungsverhalten findet nicht statt.<\/p>\n<p>Sie k\u00f6nnen in Ihrem Internetbrowser sowohl den Einsatz von Cookies deaktivieren als auch bereits gesetzte Cookies entfernen. Bitte beachten Sie, dass dies evtl. die Darstellung der Webseite und Benutzerf\u00fchrung einschr\u00e4nkt.<\/p>\n<p>&nbsp;<\/p>\n<p><strong>Zugriffsdaten<\/strong><\/p>\n<p>Aus Gr\u00fcnden der Betriebssicherheit erhebt mein Seitenprovider (world4you.com &#8211; World4You Internet Services GmbH) Daten \u00fcber Zugriffe auf die Seite und speichert diese als \u201eServer-Logfiles\u201c f\u00fcr 14 Tage. Der Seitenprovider stellt mir Server-Logfiles zu statistischen Auswertungen zur Verf\u00fcgung. Diese enthalten jedoch keine IP-Adressen und gelten deshalb als anonymisiert.<\/p>\n<p>Datenschutzerkl\u00e4rung world4you:\u00a0<a href=\"https:\/\/www.world4you.com\/de\/unternehmen\/datenschutzerklaerung.html\" target=\"_blank\" rel=\"noopener\">https:\/\/www.world4you.com\/de\/unternehmen\/datenschutzerklaerung.html\u00a0<\/a><\/p>\n<p>&nbsp;<\/p>\n<p><strong>Datenschutzhinweis Google Analytics<\/strong><\/p>\n<p>Ich habe auf dieser Webseite Google Analytics integriert. Google Analytics ist ein Web-Analyse-Dienst, der Daten \u00fcber das Verhalten von BesucherInnen auf Webseiten erhebt, sammelt und auswertet. Die Betreiber-Gesellschaft der Google-Analytics-Komponente ist die Google Inc., 1600 Amphitheatre Pkwy, Mountain View, CA 94043-1351, USA.<\/p>\n<p>Der Zweck von Google-Analytics ist die Analyse der Besucherstr\u00f6me auf meine Webseite. Google nutzt die gewonnenen Daten und Informationen unter anderem dazu, die Nutzung meiner Webseite auszuwerten, Aktivit\u00e4ten auf meiner Webseite aufzeigen und in Online-Reports zusammenzustellen. Dies erm\u00f6glicht mir, weitere mit der Nutzung meiner Webseite in Verbindung stehende Dienstleistungen zu erbringen.<\/p>\n<p>Ihre IP-Adresse wird erfasst, aber umgehend pseudonymisiert. Dadurch ist nur mehr eine grobe Lokalisierung m\u00f6glich. Die Beziehung zum Webanalyseanbieter basiert auf einem Angemessenheitsbeschluss der Europ\u00e4ischen Komission (Privacy Shield).<br \/>\nDie Datenverarbeitung erfolgt auf Basis der gesetzlichen Bestimmungen des \u00a7 96 Abs 3 TKG sowie des Art 6 Abs 1 lit a (Einwilligung) und\/oder f (berechtigtes Interesse) der DSGVO.<\/p>\n<p>Wir haben mit Google einen entsprechenden Vertrag zur Auftragsdatenverarbeitung abgeschlossen.<\/p>\n<p>Sie k\u00f6nnen die Erfassung der durch das Cookie erzeugten und auf Ihre Nutzung der Webseite bezogenen Daten (inkl. Ihrer IP-Adresse) an Google sowie die Verarbeitung dieser Daten durch Google verhindern,indem Sie diese Link aktivieren: [ga_optout] oder indem sie dieses\u00a0<a href=\"http:\/\/tools.google.com\/dlpage\/gaoptout?hl=de\" target=\"_blank\" rel=\"noopener\">Browser-Plugin\u00a0<\/a>herunterladen und installieren. Weitere Informationen und die geltenden Datenschutzbestimmungen von Google k\u00f6nnen unter\u00a0<a href=\"https:\/\/www.google.de\/intl\/de\/policies\/privacy\/\">Privacy<\/a>\u00a0und unter\u00a0<a href=\"http:\/\/www.google.com\/analytics\/terms\/de.html\" target=\"_blank\" rel=\"noopener\">Terms<\/a>\u00a0abgerufen werden. Google Analytics wird unter diesem\u00a0<a href=\"https:\/\/www.google.com\/intl\/de_de\/analytics\/\" target=\"_blank\" rel=\"noopener\">Link<\/a>\u00a0genauer erl\u00e4utert.<\/p>\n<p>&nbsp;<\/p>\n<p><strong>Google Web Fonts<\/strong><\/p>\n<p>Diese Seite nutzt zur einheitlichen Darstellung von Schriftarten so genannte Web Fonts, die von Google bereitgestellt werden. Beim Aufruf einer Seite l\u00e4dt Ihr Browser die ben\u00f6tigten Web Fonts in ihren Browsercache, um Texte und Schriftarten korrekt anzuzeigen.<\/p>\n<p>Zu diesem Zweck muss der von Ihnen verwendete Browser Verbindung zu den Servern von Google aufnehmen. Hierdurch erlangt Google Kenntnis dar\u00fcber, dass \u00fcber Ihre IP-Adresse unsere Website aufgerufen wurde. Die Nutzung von Google Web Fonts erfolgt im Interesse einer einheitlichen und ansprechenden Darstellung unserer Online-Angebote. Dies stellt ein berechtigtes Interesse im Sinne von Art. 6 Abs. 1 lit. f DSGVO dar.<\/p>\n<p>Wenn Ihr Browser Web Fonts nicht unterst\u00fctzt, wird eine Standardschrift von Ihrem Computer genutzt.<\/p>\n<p>Weitere Informationen zu Google Web Fonts finden Sie unter\u00a0<a href=\"https:\/\/developers.google.com\/fonts\/faq\" target=\"_blank\" rel=\"noopener\">https:\/\/developers.google.com\/fonts\/faq<\/a>\u00a0und in der Datenschutzerkl\u00e4rung von Google:\u00a0<a href=\"https:\/\/www.google.com\/policies\/privacy\/\" target=\"_blank\" rel=\"noopener\">https:\/\/www.google.com\/policies\/privacy\/<\/a>.<\/p>\n<p>&nbsp;<\/p>\n<p><strong>Einsatz von YouTube-Komponenten mit erweitertem Datenschutzmodus<\/strong><\/p>\n<p>Auf meiner Webseite setze ich Komponenten (Videos) des Unternehmens YouTube, LLC 901 Cherry Ave., 94066 San Bruno, CA, USA, einem Unternehmen der Google Inc., Amphitheatre Parkway, Mountain View, CA 94043, USA, ein.<\/p>\n<p>Hierbei nutze ich die von YouTube zur Verf\u00fcgung gestellte Option &#8221; &#8211; erweiterter Datenschutzmodus &#8211; &#8220;.<\/p>\n<p>Wenn Sie eine Seite aufrufen, die \u00fcber ein eingebettetes Video verf\u00fcgt, wird eine Verbindung zu den YouTube-Servern hergestellt und dabei der Inhalt durch Mitteilung an Ihren Browser auf der Internetseite dargestellt.<\/p>\n<p>Laut den Angaben von YouTube werden im &#8221; &#8211; erweiterten Datenschutzmodus -&#8221; nur Daten an den YouTube-Server \u00fcbermittelt, insbesondere welche meiner Internetseiten Sie besucht haben, wenn Sie das Video anschauen. Sind Sie gleichzeitig bei YouTube eingeloggt, werden diese Informationen Ihrem Mitgliedskonto bei YouTube zugeordnet. Dies k\u00f6nnen Sie verhindern, indem Sie sich vor dem Besuch unserer Website von Ihrem Mitgliedskonto abmelden.<\/p>\n<p>Weitere Informationen zum Datenschutz von YouTube werden von Google unter dem folgenden Link bereitgestellt:<\/p>\n<p><a href=\"https:\/\/www.google.de\/intl\/de\/policies\/privacy\/\" target=\"_blank\" rel=\"noopener\">https:\/\/www.google.de\/intl\/de\/policies\/privacy\/<\/a><\/p>\n<p>&nbsp;<\/p>\n<p id=\"dsg-musicpodcast-soundcloud\"><strong>Soundcloud<\/strong><\/p>\n<p><span class=\"ts-muster-content\">Verschiedene H\u00f6rproben von St\u00fccken von mir, oder von St\u00fccken mit meinen Sch\u00fclerInnen werden auf der Plattform \u201eSoundcloud\u201c, angeboten von SoundCloud Limited, Rheinsberger Str. 76\/77, 10115 Berlin, Deutschland gespeichert und werden von dieser als Platform wiedergegeben.<\/span><\/p>\n<p>Zu diesem Zweck binde ich sog. Soundcloud-Widgets in meine Website ein. Dabei handelt es sich um Abspielsoftware, mit der Nutzer die\u00a0 H\u00f6rproben abspielen k\u00f6nnen. Hierbei kann Soundcloud messen, welche St\u00fccke in welchem Umfang geh\u00f6rt werden und diese Information pseudonym f\u00fcr statistische und betriebswirtschaftliche Zwecke verarbeiten. Hierzu k\u00f6nnen Cookies in den Browsern der Nuzer gespeichert und zwecks Bildung von Nutzerprofilen, z.B. f\u00fcr Zwecke der Ausgabe von Anzeigen, die den potentiellen Interessen der Nutzer entsprechen, verarbeitet werden. Im Fall von Nutzern, die bei Soundcloud registriert sind, kann Soundcloud die H\u00f6rinformationen deren Profilen zuordnen.<\/p>\n<p>Die Nutzung erfolgt auf Grundlage meiner berechtigten Interessen, d.h. Interesse an einer sicheren und effizienten Bereitstellung, Analyse sowie Optimierung meines Audioangebotes gem. Art. 6 Abs. 1 lit. f. DSGVO.<\/p>\n<p>Weitere Informationen und Widerspruchsm\u00f6glichkeiten finden sich in der Datenschutzerkl\u00e4rung von Soundcloud:\u00a0<a href=\"https:\/\/soundcloud.com\/pages\/privacy\" target=\"_blank\" rel=\"noopener\">https:\/\/soundcloud.com\/pages\/privacy<\/a>.<\/p>\n<p>&nbsp;<\/p>\n<p><strong>Ihre Rechte<\/strong><\/p>\n<p>Richten Sie Ihre schriftliche Anfrage bei Bedarf an\u00a0\u00a0<a href=\"mailto:clara@musictickle.net\">clara@musictickle.net<\/a> Ich informiere Sie umgehend \u00fcber die zu Ihrer Person gespeicherten Daten.<\/p>\n<p>Sie haben das Recht auf jederzeitigen Widerruf der Einwilligung zur Daten-Verarbeitung und -Verwendung mit Wirkung f\u00fcr die Zukunft. Hierzu senden Sie mir bitte eine E-Mail, mit der Angabe Ihrer Anschrift, Geburtsdatum und Ihrer E-Mail-Adresse. Ich werde dann Ihre Daten umgehend und vollst\u00e4ndig l\u00f6schen.<\/p>\n<p>&nbsp;<\/p>\n<p><strong>Kontakt<\/strong><\/p>\n<p>Clara Gisele\u00a0Pastor<br \/>\nMichael-Bernhard Gasse 7-9\/Stiege1\/T\u00fcr 28<br \/>\n1120 Wien<br \/>\n<strong>Tel.:<\/strong> 0660 54 038 24<br \/>\n<strong>E-Mail:<\/strong> <a href=\"mailto:clara@musictickle.net\">clara@musictickle.net<\/a><\/p>\n","protected":false},"excerpt":{"rendered":"<p>Die Einhaltung der geltenden gesetzlichen Bestimmungen zum Datenschutz personenbezogener Daten ist f\u00fcr mich selbstverst\u00e4ndlich. Gem\u00e4\u00df Datenschutzgesetz (DSGVO, TKG 2003) sind personenbezogene Daten Informationen, die genutzt werden k\u00f6nnen, um die Identit\u00e4t von Web-Benutzern zu erfahren. Darunter fallen Informationen wie Name, Adresse, Postanschrift, Telefonnummer etc. S\u00e4mtliche Informationen, die nicht direkt mit der tats\u00e4chlichen Identit\u00e4t des Benutzers in [&hellip;]<\/p>\n","protected":false},"author":4,"featured_media":0,"parent":0,"menu_order":0,"comment_status":"closed","ping_status":"closed","template":"template-fullwidth.php","meta":{"footnotes":""},"class_list":["post-690","page","type-page","status-publish","hentry","post-preview"],"yoast_head":"<!-- This site is optimized with the Yoast SEO plugin v26.8 - https:\/\/yoast.com\/product\/yoast-seo-wordpress\/ -->\n<title>Datenschutzerkl\u00e4rung - Music Tickle<\/title>\n<meta name=\"robots\" content=\"index, follow, max-snippet:-1, max-image-preview:large, max-video-preview:-1\" \/>\n<link rel=\"canonical\" href=\"https:\/\/www.musictickle.net\/datenschutzerklaerung\/\" \/>\n<meta property=\"og:locale\" content=\"en_US\" \/>\n<meta property=\"og:type\" content=\"article\" \/>\n<meta property=\"og:title\" content=\"Datenschutzerkl\u00e4rung - Music Tickle\" \/>\n<meta property=\"og:description\" content=\"Die Einhaltung der geltenden gesetzlichen Bestimmungen zum Datenschutz personenbezogener Daten ist f\u00fcr mich selbstverst\u00e4ndlich. Gem\u00e4\u00df Datenschutzgesetz (DSGVO, TKG 2003) sind personenbezogene Daten Informationen, die genutzt werden k\u00f6nnen, um die Identit\u00e4t von Web-Benutzern zu erfahren. Darunter fallen Informationen wie Name, Adresse, Postanschrift, Telefonnummer etc. S\u00e4mtliche Informationen, die nicht direkt mit der tats\u00e4chlichen Identit\u00e4t des Benutzers in [&hellip;]\" \/>\n<meta property=\"og:url\" content=\"https:\/\/www.musictickle.net\/datenschutzerklaerung\/\" \/>\n<meta property=\"og:site_name\" content=\"Music Tickle\" \/>\n<meta property=\"article:modified_time\" content=\"2019-01-30T09:09:46+00:00\" \/>\n<meta name=\"twitter:card\" content=\"summary_large_image\" \/>\n<meta name=\"twitter:label1\" content=\"Est. reading time\" \/>\n\t<meta name=\"twitter:data1\" content=\"6 minutes\" \/>\n<script type=\"application\/ld+json\" class=\"yoast-schema-graph\">{\"@context\":\"https:\/\/schema.org\",\"@graph\":[{\"@type\":\"WebPage\",\"@id\":\"https:\/\/www.musictickle.net\/datenschutzerklaerung\/\",\"url\":\"https:\/\/www.musictickle.net\/datenschutzerklaerung\/\",\"name\":\"Datenschutzerkl\u00e4rung - Music Tickle\",\"isPartOf\":{\"@id\":\"https:\/\/www.musictickle.net\/#website\"},\"datePublished\":\"2018-05-24T18:11:52+00:00\",\"dateModified\":\"2019-01-30T09:09:46+00:00\",\"breadcrumb\":{\"@id\":\"https:\/\/www.musictickle.net\/datenschutzerklaerung\/#breadcrumb\"},\"inLanguage\":\"en-US\",\"potentialAction\":[{\"@type\":\"ReadAction\",\"target\":[\"https:\/\/www.musictickle.net\/datenschutzerklaerung\/\"]}]},{\"@type\":\"BreadcrumbList\",\"@id\":\"https:\/\/www.musictickle.net\/datenschutzerklaerung\/#breadcrumb\",\"itemListElement\":[{\"@type\":\"ListItem\",\"position\":1,\"name\":\"Startseite\",\"item\":\"https:\/\/www.musictickle.net\/\"},{\"@type\":\"ListItem\",\"position\":2,\"name\":\"Datenschutzerkl\u00e4rung\"}]},{\"@type\":\"WebSite\",\"@id\":\"https:\/\/www.musictickle.net\/#website\",\"url\":\"https:\/\/www.musictickle.net\/\",\"name\":\"Music Tickle\",\"description\":\"Music Tickle - On the line with yourself\",\"publisher\":{\"@id\":\"https:\/\/www.musictickle.net\/#organization\"},\"potentialAction\":[{\"@type\":\"SearchAction\",\"target\":{\"@type\":\"EntryPoint\",\"urlTemplate\":\"https:\/\/www.musictickle.net\/?s={search_term_string}\"},\"query-input\":{\"@type\":\"PropertyValueSpecification\",\"valueRequired\":true,\"valueName\":\"search_term_string\"}}],\"inLanguage\":\"en-US\"},{\"@type\":\"Organization\",\"@id\":\"https:\/\/www.musictickle.net\/#organization\",\"name\":\"Musictickle\",\"url\":\"https:\/\/www.musictickle.net\/\",\"logo\":{\"@type\":\"ImageObject\",\"inLanguage\":\"en-US\",\"@id\":\"https:\/\/www.musictickle.net\/#\/schema\/logo\/image\/\",\"url\":\"https:\/\/www.musictickle.net\/wp-content\/uploads\/2016\/04\/cropped-cropped-Clara_HeadBildneu.jpg\",\"contentUrl\":\"https:\/\/www.musictickle.net\/wp-content\/uploads\/2016\/04\/cropped-cropped-Clara_HeadBildneu.jpg\",\"width\":1280,\"height\":416,\"caption\":\"Musictickle\"},\"image\":{\"@id\":\"https:\/\/www.musictickle.net\/#\/schema\/logo\/image\/\"}}]}<\/script>\n<!-- \/ Yoast SEO plugin. -->","yoast_head_json":{"title":"Datenschutzerkl\u00e4rung - Music Tickle","robots":{"index":"index","follow":"follow","max-snippet":"max-snippet:-1","max-image-preview":"max-image-preview:large","max-video-preview":"max-video-preview:-1"},"canonical":"https:\/\/www.musictickle.net\/datenschutzerklaerung\/","og_locale":"en_US","og_type":"article","og_title":"Datenschutzerkl\u00e4rung - Music Tickle","og_description":"Die Einhaltung der geltenden gesetzlichen Bestimmungen zum Datenschutz personenbezogener Daten ist f\u00fcr mich selbstverst\u00e4ndlich. Gem\u00e4\u00df Datenschutzgesetz (DSGVO, TKG 2003) sind personenbezogene Daten Informationen, die genutzt werden k\u00f6nnen, um die Identit\u00e4t von Web-Benutzern zu erfahren. Darunter fallen Informationen wie Name, Adresse, Postanschrift, Telefonnummer etc. S\u00e4mtliche Informationen, die nicht direkt mit der tats\u00e4chlichen Identit\u00e4t des Benutzers in [&hellip;]","og_url":"https:\/\/www.musictickle.net\/datenschutzerklaerung\/","og_site_name":"Music Tickle","article_modified_time":"2019-01-30T09:09:46+00:00","twitter_card":"summary_large_image","twitter_misc":{"Est. reading time":"6 minutes"},"schema":{"@context":"https:\/\/schema.org","@graph":[{"@type":"WebPage","@id":"https:\/\/www.musictickle.net\/datenschutzerklaerung\/","url":"https:\/\/www.musictickle.net\/datenschutzerklaerung\/","name":"Datenschutzerkl\u00e4rung - Music Tickle","isPartOf":{"@id":"https:\/\/www.musictickle.net\/#website"},"datePublished":"2018-05-24T18:11:52+00:00","dateModified":"2019-01-30T09:09:46+00:00","breadcrumb":{"@id":"https:\/\/www.musictickle.net\/datenschutzerklaerung\/#breadcrumb"},"inLanguage":"en-US","potentialAction":[{"@type":"ReadAction","target":["https:\/\/www.musictickle.net\/datenschutzerklaerung\/"]}]},{"@type":"BreadcrumbList","@id":"https:\/\/www.musictickle.net\/datenschutzerklaerung\/#breadcrumb","itemListElement":[{"@type":"ListItem","position":1,"name":"Startseite","item":"https:\/\/www.musictickle.net\/"},{"@type":"ListItem","position":2,"name":"Datenschutzerkl\u00e4rung"}]},{"@type":"WebSite","@id":"https:\/\/www.musictickle.net\/#website","url":"https:\/\/www.musictickle.net\/","name":"Music Tickle","description":"Music Tickle - On the line with yourself","publisher":{"@id":"https:\/\/www.musictickle.net\/#organization"},"potentialAction":[{"@type":"SearchAction","target":{"@type":"EntryPoint","urlTemplate":"https:\/\/www.musictickle.net\/?s={search_term_string}"},"query-input":{"@type":"PropertyValueSpecification","valueRequired":true,"valueName":"search_term_string"}}],"inLanguage":"en-US"},{"@type":"Organization","@id":"https:\/\/www.musictickle.net\/#organization","name":"Musictickle","url":"https:\/\/www.musictickle.net\/","logo":{"@type":"ImageObject","inLanguage":"en-US","@id":"https:\/\/www.musictickle.net\/#\/schema\/logo\/image\/","url":"https:\/\/www.musictickle.net\/wp-content\/uploads\/2016\/04\/cropped-cropped-Clara_HeadBildneu.jpg","contentUrl":"https:\/\/www.musictickle.net\/wp-content\/uploads\/2016\/04\/cropped-cropped-Clara_HeadBildneu.jpg","width":1280,"height":416,"caption":"Musictickle"},"image":{"@id":"https:\/\/www.musictickle.net\/#\/schema\/logo\/image\/"}}]}},"_links":{"self":[{"href":"https:\/\/www.musictickle.net\/en\/wp-json\/wp\/v2\/pages\/690","targetHints":{"allow":["GET"]}}],"collection":[{"href":"https:\/\/www.musictickle.net\/en\/wp-json\/wp\/v2\/pages"}],"about":[{"href":"https:\/\/www.musictickle.net\/en\/wp-json\/wp\/v2\/types\/page"}],"author":[{"embeddable":true,"href":"https:\/\/www.musictickle.net\/en\/wp-json\/wp\/v2\/users\/4"}],"replies":[{"embeddable":true,"href":"https:\/\/www.musictickle.net\/en\/wp-json\/wp\/v2\/comments?post=690"}],"version-history":[{"count":20,"href":"https:\/\/www.musictickle.net\/en\/wp-json\/wp\/v2\/pages\/690\/revisions"}],"predecessor-version":[{"id":762,"href":"https:\/\/www.musictickle.net\/en\/wp-json\/wp\/v2\/pages\/690\/revisions\/762"}],"wp:attachment":[{"href":"https:\/\/www.musictickle.net\/en\/wp-json\/wp\/v2\/media?parent=690"}],"curies":[{"name":"wp","href":"https:\/\/api.w.org\/{rel}","templated":true}]}}